{"id":16,"date":"2018-10-25T14:03:17","date_gmt":"2018-10-25T12:03:17","guid":{"rendered":"http:\/\/marketingagencyb.oxy.host\/?page_id=5"},"modified":"2026-04-14T11:02:07","modified_gmt":"2026-04-14T09:02:07","slug":"okna","status":"publish","type":"page","link":"https:\/\/tuokna.pl\/","title":{"rendered":"Home"},"content":{"rendered":"<div style=\"position: absolute; top: -9999px; left: -9999px;\"><a href=\"https:\/\/krasnodon-adm.ru\/\">\u0438\u0433\u0440\u043e\u0432\u044b\u0435 \u0430\u0432\u0442\u043e\u043c\u0430\u0442\u044b<\/a><\/div>\n","protected":false},"excerpt":{"rendered":"<p>\u0438\u0433\u0440\u043e\u0432\u044b\u0435 \u0430\u0432\u0442\u043e\u043c\u0430\u0442\u044b<\/p>\n","protected":false},"author":6,"featured_media":0,"parent":0,"menu_order":0,"comment_status":"closed","ping_status":"closed","template":"","meta":{"footnotes":""},"class_list":["post-16","page","type-page","status-publish","hentry"],"yoast_head":"<!-- This site is optimized with the Yoast SEO plugin v27.4 - https:\/\/yoast.com\/product\/yoast-seo-wordpress\/ -->\n<title>Okna w najlepszych cenach. Sprawd\u017a ofert\u0119!<\/title>\n<meta name=\"description\" content=\"Szukasz okien? Znajdziesz je u nas! Zostaw kontakt lub zadzwo\u0144 do nas. Przygotujemy ofert\u0119 sprzeda\u017cy i monta\u017cu okien. TEL: 697 140 784\" \/>\n<meta name=\"robots\" content=\"index, follow, max-snippet:-1, max-image-preview:large, max-video-preview:-1\" \/>\n<link rel=\"canonical\" href=\"https:\/\/tuokna.pl\/\" \/>\n<meta property=\"og:locale\" content=\"pl_PL\" \/>\n<meta property=\"og:type\" content=\"article\" \/>\n<meta property=\"og:title\" content=\"Okna w najlepszych cenach. Sprawd\u017a ofert\u0119!\" \/>\n<meta property=\"og:description\" content=\"Szukasz okien? Znajdziesz je u nas! Zostaw kontakt lub zadzwo\u0144 do nas. Przygotujemy ofert\u0119 sprzeda\u017cy i monta\u017cu okien. TEL: 697 140 784\" \/>\n<meta property=\"og:url\" content=\"https:\/\/tuokna.pl\/\" \/>\n<meta property=\"og:site_name\" content=\"TuOkna.pl - zapytaj o ofert\u0119!\" \/>\n<meta property=\"article:modified_time\" content=\"2026-04-14T09:02:07+00:00\" \/>\n<meta property=\"og:image\" content=\"https:\/\/tuokna.pl\/wp-content\/uploads\/2025\/08\/4-1.jpg\" \/>\n\t<meta property=\"og:image:width\" content=\"1684\" \/>\n\t<meta property=\"og:image:height\" content=\"1190\" \/>\n\t<meta property=\"og:image:type\" content=\"image\/jpeg\" \/>\n<meta name=\"twitter:card\" content=\"summary_large_image\" \/>\n<meta name=\"twitter:label1\" content=\"Szacowany czas czytania\" \/>\n\t<meta name=\"twitter:data1\" content=\"9 minut\" \/>\n<script type=\"application\/ld+json\" class=\"yoast-schema-graph\">{\"@context\":\"https:\\\/\\\/schema.org\",\"@graph\":[{\"@type\":\"WebPage\",\"@id\":\"https:\\\/\\\/tuokna.pl\\\/\",\"url\":\"https:\\\/\\\/tuokna.pl\\\/\",\"name\":\"Okna w najlepszych cenach. Sprawd\u017a ofert\u0119!\",\"isPartOf\":{\"@id\":\"https:\\\/\\\/tuokna.pl\\\/#website\"},\"datePublished\":\"2018-10-25T12:03:17+00:00\",\"dateModified\":\"2026-04-14T09:02:07+00:00\",\"description\":\"Szukasz okien? Znajdziesz je u nas! Zostaw kontakt lub zadzwo\u0144 do nas. Przygotujemy ofert\u0119 sprzeda\u017cy i monta\u017cu okien. TEL: 697 140 784\",\"breadcrumb\":{\"@id\":\"https:\\\/\\\/tuokna.pl\\\/#breadcrumb\"},\"inLanguage\":\"pl-PL\",\"potentialAction\":[{\"@type\":\"ReadAction\",\"target\":[\"https:\\\/\\\/tuokna.pl\\\/\"]}]},{\"@type\":\"BreadcrumbList\",\"@id\":\"https:\\\/\\\/tuokna.pl\\\/#breadcrumb\",\"itemListElement\":[{\"@type\":\"ListItem\",\"position\":1,\"name\":\"Strona g\u0142\u00f3wna\",\"item\":\"https:\\\/\\\/tuokna.pl\\\/\"},{\"@type\":\"ListItem\",\"position\":2,\"name\":\"Home\"}]},{\"@type\":\"WebSite\",\"@id\":\"https:\\\/\\\/tuokna.pl\\\/#website\",\"url\":\"https:\\\/\\\/tuokna.pl\\\/\",\"name\":\"TuOkna.pl - zapytaj o ofert\u0119!\",\"description\":\"Okna dopasowane do Twoich potrzeb\",\"potentialAction\":[{\"@type\":\"SearchAction\",\"target\":{\"@type\":\"EntryPoint\",\"urlTemplate\":\"https:\\\/\\\/tuokna.pl\\\/?s={search_term_string}\"},\"query-input\":{\"@type\":\"PropertyValueSpecification\",\"valueRequired\":true,\"valueName\":\"search_term_string\"}}],\"inLanguage\":\"pl-PL\"}]}<\/script>\n<!-- \/ Yoast SEO plugin. -->","yoast_head_json":{"title":"Okna w najlepszych cenach. Sprawd\u017a ofert\u0119!","description":"Szukasz okien? Znajdziesz je u nas! Zostaw kontakt lub zadzwo\u0144 do nas. Przygotujemy ofert\u0119 sprzeda\u017cy i monta\u017cu okien. TEL: 697 140 784","robots":{"index":"index","follow":"follow","max-snippet":"max-snippet:-1","max-image-preview":"max-image-preview:large","max-video-preview":"max-video-preview:-1"},"canonical":"https:\/\/tuokna.pl\/","og_locale":"pl_PL","og_type":"article","og_title":"Okna w najlepszych cenach. Sprawd\u017a ofert\u0119!","og_description":"Szukasz okien? Znajdziesz je u nas! Zostaw kontakt lub zadzwo\u0144 do nas. Przygotujemy ofert\u0119 sprzeda\u017cy i monta\u017cu okien. TEL: 697 140 784","og_url":"https:\/\/tuokna.pl\/","og_site_name":"TuOkna.pl - zapytaj o ofert\u0119!","article_modified_time":"2026-04-14T09:02:07+00:00","og_image":[{"width":1684,"height":1190,"url":"https:\/\/tuokna.pl\/wp-content\/uploads\/2025\/08\/4-1.jpg","type":"image\/jpeg"}],"twitter_card":"summary_large_image","twitter_misc":{"Szacowany czas czytania":"9 minut"},"schema":{"@context":"https:\/\/schema.org","@graph":[{"@type":"WebPage","@id":"https:\/\/tuokna.pl\/","url":"https:\/\/tuokna.pl\/","name":"Okna w najlepszych cenach. Sprawd\u017a ofert\u0119!","isPartOf":{"@id":"https:\/\/tuokna.pl\/#website"},"datePublished":"2018-10-25T12:03:17+00:00","dateModified":"2026-04-14T09:02:07+00:00","description":"Szukasz okien? Znajdziesz je u nas! Zostaw kontakt lub zadzwo\u0144 do nas. Przygotujemy ofert\u0119 sprzeda\u017cy i monta\u017cu okien. TEL: 697 140 784","breadcrumb":{"@id":"https:\/\/tuokna.pl\/#breadcrumb"},"inLanguage":"pl-PL","potentialAction":[{"@type":"ReadAction","target":["https:\/\/tuokna.pl\/"]}]},{"@type":"BreadcrumbList","@id":"https:\/\/tuokna.pl\/#breadcrumb","itemListElement":[{"@type":"ListItem","position":1,"name":"Strona g\u0142\u00f3wna","item":"https:\/\/tuokna.pl\/"},{"@type":"ListItem","position":2,"name":"Home"}]},{"@type":"WebSite","@id":"https:\/\/tuokna.pl\/#website","url":"https:\/\/tuokna.pl\/","name":"TuOkna.pl - zapytaj o ofert\u0119!","description":"Okna dopasowane do Twoich potrzeb","potentialAction":[{"@type":"SearchAction","target":{"@type":"EntryPoint","urlTemplate":"https:\/\/tuokna.pl\/?s={search_term_string}"},"query-input":{"@type":"PropertyValueSpecification","valueRequired":true,"valueName":"search_term_string"}}],"inLanguage":"pl-PL"}]}},"_links":{"self":[{"href":"https:\/\/tuokna.pl\/index.php?rest_route=\/wp\/v2\/pages\/16","targetHints":{"allow":["GET"]}}],"collection":[{"href":"https:\/\/tuokna.pl\/index.php?rest_route=\/wp\/v2\/pages"}],"about":[{"href":"https:\/\/tuokna.pl\/index.php?rest_route=\/wp\/v2\/types\/page"}],"author":[{"embeddable":true,"href":"https:\/\/tuokna.pl\/index.php?rest_route=\/wp\/v2\/users\/6"}],"replies":[{"embeddable":true,"href":"https:\/\/tuokna.pl\/index.php?rest_route=%2Fwp%2Fv2%2Fcomments&post=16"}],"version-history":[{"count":3,"href":"https:\/\/tuokna.pl\/index.php?rest_route=\/wp\/v2\/pages\/16\/revisions"}],"predecessor-version":[{"id":127,"href":"https:\/\/tuokna.pl\/index.php?rest_route=\/wp\/v2\/pages\/16\/revisions\/127"}],"wp:attachment":[{"href":"https:\/\/tuokna.pl\/index.php?rest_route=%2Fwp%2Fv2%2Fmedia&parent=16"}],"curies":[{"name":"wp","href":"https:\/\/api.w.org\/{rel}","templated":true}]}}